{"id":89,"date":"2022-02-18T14:19:09","date_gmt":"2022-02-18T14:19:09","guid":{"rendered":"https:\/\/vatter-web.de\/?page_id=89"},"modified":"2022-11-07T11:34:11","modified_gmt":"2022-11-07T10:34:11","slug":"ueber-mich","status":"publish","type":"page","link":"https:\/\/nv-mediation.de\/Hauptseite\/ueber-mich","title":{"rendered":"\u00fcber mich"},"content":{"rendered":"\t\t<div data-elementor-type=\"wp-page\" data-elementor-id=\"89\" class=\"elementor elementor-89\">\n\t\t\t\t\t\t<section class=\"elementor-section elementor-top-section elementor-element elementor-element-cfafe5d elementor-section-full_width elementor-section-height-default elementor-section-height-default\" data-id=\"cfafe5d\" data-element_type=\"section\" data-e-type=\"section\" data-settings=\"{&quot;background_background&quot;:&quot;classic&quot;}\">\n\t\t\t\t\t\t<div class=\"elementor-container elementor-column-gap-default\">\n\t\t\t\t\t<div class=\"elementor-column elementor-col-100 elementor-top-column elementor-element elementor-element-a590f18\" data-id=\"a590f18\" data-element_type=\"column\" data-e-type=\"column\">\n\t\t\t<div class=\"elementor-widget-wrap elementor-element-populated\">\n\t\t\t\t\t\t<div class=\"elementor-element elementor-element-a0c1f4d elementor-widget elementor-widget-heading\" data-id=\"a0c1f4d\" data-element_type=\"widget\" data-e-type=\"widget\" data-widget_type=\"heading.default\">\n\t\t\t\t<div class=\"elementor-widget-container\">\n\t\t\t\t\t<h3 class=\"elementor-heading-title elementor-size-default\">\u00dcber mich...<\/h3>\t\t\t\t<\/div>\n\t\t\t\t<\/div>\n\t\t\t\t\t<\/div>\n\t\t<\/div>\n\t\t\t\t\t<\/div>\n\t\t<\/section>\n\t\t\t\t<section class=\"elementor-section elementor-top-section elementor-element elementor-element-e780d2c elementor-section-full_width elementor-section-height-default elementor-section-height-default\" data-id=\"e780d2c\" data-element_type=\"section\" data-e-type=\"section\" data-settings=\"{&quot;background_background&quot;:&quot;classic&quot;}\">\n\t\t\t\t\t\t<div class=\"elementor-container elementor-column-gap-default\">\n\t\t\t\t\t<div class=\"elementor-column elementor-col-66 elementor-top-column elementor-element elementor-element-5ed3f97\" data-id=\"5ed3f97\" data-element_type=\"column\" data-e-type=\"column\" data-settings=\"{&quot;background_background&quot;:&quot;classic&quot;}\">\n\t\t\t<div class=\"elementor-widget-wrap elementor-element-populated\">\n\t\t\t\t\t\t<div class=\"elementor-element elementor-element-99dadf0 elementor-widget elementor-widget-text-editor\" data-id=\"99dadf0\" data-element_type=\"widget\" data-e-type=\"widget\" data-widget_type=\"text-editor.default\">\n\t\t\t\t<div class=\"elementor-widget-container\">\n\t\t\t\t\t\t\t\t\t<p>Geboren 1956 in Tokio \/ Japan, seit 1966 in S\u00fcddeutschland: Lebendige interkulturelle Pr\u00e4gungen.<\/p>\n<p>Seit \u00fcber 40 Jahren verheiratet, gro\u00dfe Familie mit Kindern und Pflegekindern: Hautnahe Erfahrung in den &#8222;basics&#8220; des Zusammenlebens, Trauerns und Wachsens.<\/p>\n<p>Als Chemie-Ingenieur bis 2020 in der Mineral\u00f6lindustrie in diversen F\u00fchrungspositionen t\u00e4tig:&nbsp; Thema &#8222;Leadership&#8220; in diversen Facetten erlebt und gestaltet.<\/p>\n<p>Lebenssinn und &#8211; freude im Vertrauen auf Jesus Christus. Als evangelisch gepr\u00e4gter Christ im Laufe der Jahre in verschiedenen landes- und freikirchlichen Gemeinden aktiv: Bereicherung in der intensiven Begegnung mit Menschen erleben &#8211; und auch die Konflikte aushalten, die sich daraus ergeben k\u00f6nnen.<\/p>\n<p><u>Ausbildung:<\/u> Zertifizierter Mediator (univ) gem. Mediationsgesetz (Ausbilder: EHV u. <span style=\"color: #333399;\"><a style=\"color: #333399;\" href=\"https:\/\/www.diversity-kompetenz.com\" target=\"_blank\" rel=\"noopener\">IMK, Berlin<\/a><\/span>)<\/p>\t\t\t\t\t\t\t\t<\/div>\n\t\t\t\t<\/div>\n\t\t\t\t\t<\/div>\n\t\t<\/div>\n\t\t\t\t<div class=\"elementor-column elementor-col-33 elementor-top-column elementor-element elementor-element-a7017c3\" data-id=\"a7017c3\" data-element_type=\"column\" data-e-type=\"column\">\n\t\t\t<div class=\"elementor-widget-wrap elementor-element-populated\">\n\t\t\t\t\t\t<div class=\"elementor-element elementor-element-23065e4 elementor-widget__width-auto elementor-widget-mobile__width-auto elementor-widget elementor-widget-image\" data-id=\"23065e4\" data-element_type=\"widget\" data-e-type=\"widget\" data-widget_type=\"image.default\">\n\t\t\t\t<div class=\"elementor-widget-container\">\n\t\t\t\t\t\t\t\t\t\t\t\t<figure class=\"wp-caption\">\n\t\t\t\t\t\t\t\t\t\t<img fetchpriority=\"high\" decoding=\"async\" width=\"600\" height=\"740\" src=\"https:\/\/i0.wp.com\/nv-mediation.de\/wp-content\/uploads\/2022\/03\/pass5-kl-e1648629341254.jpg?fit=600%2C740&amp;ssl=1\" class=\"attachment-large size-large wp-image-250\" alt=\"\" srcset=\"https:\/\/i0.wp.com\/nv-mediation.de\/wp-content\/uploads\/2022\/03\/pass5-kl-e1648629341254.jpg?w=600&amp;ssl=1 600w, https:\/\/i0.wp.com\/nv-mediation.de\/wp-content\/uploads\/2022\/03\/pass5-kl-e1648629341254.jpg?resize=243%2C300&amp;ssl=1 243w\" sizes=\"(max-width: 600px) 100vw, 600px\" \/>\t\t\t\t\t\t\t\t\t\t\t<figcaption class=\"widget-image-caption wp-caption-text\">Norman Vatter<\/figcaption>\n\t\t\t\t\t\t\t\t\t\t<\/figure>\n\t\t\t\t\t\t\t\t\t<\/div>\n\t\t\t\t<\/div>\n\t\t\t\t\t<\/div>\n\t\t<\/div>\n\t\t\t\t\t<\/div>\n\t\t<\/section>\n\t\t\t\t<\/div>\n\t\t","protected":false},"excerpt":{"rendered":"<p>\u00dcber mich&#8230; Geboren 1956 in Tokio \/ Japan, seit 1966 in S\u00fcddeutschland: Lebendige interkulturelle Pr\u00e4gungen. Seit \u00fcber 40 Jahren verheiratet, gro\u00dfe Familie mit Kindern und Pflegekindern: Hautnahe Erfahrung in den &#8222;basics&#8220; des Zusammenlebens, Trauerns und Wachsens. Als Chemie-Ingenieur bis 2020 in der Mineral\u00f6lindustrie in diversen F\u00fchrungspositionen t\u00e4tig:&nbsp; Thema &#8222;Leadership&#8220; in diversen Facetten erlebt und gestaltet. [&hellip;]<\/p>\n","protected":false},"author":1,"featured_media":0,"parent":0,"menu_order":0,"comment_status":"closed","ping_status":"closed","template":"","meta":{"footnotes":""},"class_list":["post-89","page","type-page","status-publish","hentry"],"jetpack_sharing_enabled":true,"_links":{"self":[{"href":"https:\/\/nv-mediation.de\/Hauptseite\/wp-json\/wp\/v2\/pages\/89","targetHints":{"allow":["GET"]}}],"collection":[{"href":"https:\/\/nv-mediation.de\/Hauptseite\/wp-json\/wp\/v2\/pages"}],"about":[{"href":"https:\/\/nv-mediation.de\/Hauptseite\/wp-json\/wp\/v2\/types\/page"}],"author":[{"embeddable":true,"href":"https:\/\/nv-mediation.de\/Hauptseite\/wp-json\/wp\/v2\/users\/1"}],"replies":[{"embeddable":true,"href":"https:\/\/nv-mediation.de\/Hauptseite\/wp-json\/wp\/v2\/comments?post=89"}],"version-history":[{"count":113,"href":"https:\/\/nv-mediation.de\/Hauptseite\/wp-json\/wp\/v2\/pages\/89\/revisions"}],"predecessor-version":[{"id":694,"href":"https:\/\/nv-mediation.de\/Hauptseite\/wp-json\/wp\/v2\/pages\/89\/revisions\/694"}],"wp:attachment":[{"href":"https:\/\/nv-mediation.de\/Hauptseite\/wp-json\/wp\/v2\/media?parent=89"}],"curies":[{"name":"wp","href":"https:\/\/api.w.org\/{rel}","templated":true}]}}