{"id":234,"date":"2022-03-29T15:31:23","date_gmt":"2022-03-29T13:31:23","guid":{"rendered":"https:\/\/vatter-web.de\/hauptseite\/?page_id=234"},"modified":"2025-01-29T11:07:43","modified_gmt":"2025-01-29T10:07:43","slug":"datenschutz","status":"publish","type":"page","link":"https:\/\/nv-mediation.de\/Hauptseite\/datenschutz","title":{"rendered":"datenschutz"},"content":{"rendered":"\t\t<div data-elementor-type=\"wp-page\" data-elementor-id=\"234\" class=\"elementor elementor-234\">\n\t\t\t\t\t\t<section class=\"elementor-section elementor-top-section elementor-element elementor-element-2f28013 elementor-section-height-min-height elementor-section-full_width elementor-section-height-default elementor-section-items-middle\" data-id=\"2f28013\" data-element_type=\"section\" data-e-type=\"section\" data-settings=\"{&quot;background_background&quot;:&quot;classic&quot;}\">\n\t\t\t\t\t\t\t<div class=\"elementor-background-overlay\"><\/div>\n\t\t\t\t\t\t\t<div class=\"elementor-container elementor-column-gap-default\">\n\t\t\t\t\t<div class=\"elementor-column elementor-col-66 elementor-top-column elementor-element elementor-element-5de3614\" data-id=\"5de3614\" data-element_type=\"column\" data-e-type=\"column\">\n\t\t\t<div class=\"elementor-widget-wrap elementor-element-populated\">\n\t\t\t\t\t\t<div class=\"elementor-element elementor-element-3d497a8 elementor-widget elementor-widget-heading\" data-id=\"3d497a8\" data-element_type=\"widget\" data-e-type=\"widget\" data-widget_type=\"heading.default\">\n\t\t\t\t<div class=\"elementor-widget-container\">\n\t\t\t\t\t<h2 class=\"elementor-heading-title elementor-size-xl\">Datenschutz<\/h2>\t\t\t\t<\/div>\n\t\t\t\t<\/div>\n\t\t\t\t<div class=\"elementor-element elementor-element-9972495 elementor-widget__width-initial elementor-widget-tablet__width-initial elementor-widget elementor-widget-text-editor\" data-id=\"9972495\" data-element_type=\"widget\" data-e-type=\"widget\" data-widget_type=\"text-editor.default\">\n\t\t\t\t<div class=\"elementor-widget-container\">\n\t\t\t\t\t\t\t\t\t<div><div><div><h4><span style=\"font-size: 14pt;\"><u>Zweck, Umfang und Speicherung der Daten:<\/u><\/span><\/h4><p dir=\"auto\" style=\"--lineheightmobile: 1.3; --lineheightdesktop: 1.3; --fontsizemobile: 14px; --fontsizedesktop: 16px;\" data-pm-slice=\"1 1 []\"><strong>I. Informationen \u00fcber die Verarbeitung Ihrer Daten gem\u00e4\u00df Art. 13 der Datenschutz-Grundverordnung (DS-GVO)<\/strong><\/p><h6 dir=\"auto\" style=\"--lineheightmobile: 1.3; --lineheightdesktop: 1.3; --fontsizemobile: 14px; --fontsizedesktop: 16px; margin-bottom: 10px;\"><strong>1. Verantwortlicher und Datenschutzbeauftragter<\/strong><\/h6><p dir=\"auto\" style=\"--lineheightmobile: 1.3; --lineheightdesktop: 1.3; --fontsizemobile: 14px; --fontsizedesktop: 16px;\">Verantwortlich f\u00fcr diese Website ist: Norman Vatter, Osteranger 10, 85665 Moosach, E-Mail: norman@nv-mediation.de<\/p><h6 dir=\"auto\" style=\"--lineheightmobile: 1.3; --lineheightdesktop: 1.3; --fontsizemobile: 14px; --fontsizedesktop: 16px; margin-bottom: 8px;\"><strong>2. Daten, die f\u00fcr die Bereitstellung der Website und die Erstellung der Protokolldateien verarbeitet werden<\/strong><\/h6><h6 dir=\"auto\" style=\"--lineheightmobile: 1.3; --lineheightdesktop: 1.3; --fontsizemobile: 14px; --fontsizedesktop: 16px; margin-bottom: 8px;\"><span style=\"font-weight: normal;\">a. Welche Daten werden f\u00fcr welchen Zweck verarbeitet?<\/span><\/h6><p dir=\"auto\" style=\"--lineheightmobile: 1.3; --lineheightdesktop: 1.3; --fontsizemobile: 14px; --fontsizedesktop: 16px; margin-bottom: 14px;\">Bei jedem Zugriff auf Inhalte der Website werden vor\u00fcbergehend Daten gespeichert, die m\u00f6glicherweise eine Identifizierung zulassen. Die folgenden Daten werden hierbei erhoben:<\/p><p dir=\"auto\" style=\"--lineheightmobile: 1.3; --lineheightdesktop: 1.3; --fontsizemobile: 14px; --fontsizedesktop: 16px; margin-bottom: 14px;\">&#8211; Datum und Uhrzeit des Zugriffs, &#8211; IP-Adresse, &#8211; Hostname des zugreifenden Rechners, &#8211; Website, von der aus die Website aufgerufen wurde<\/p><p dir=\"auto\" style=\"--lineheightmobile: 1.3; --lineheightdesktop: 1.3; --fontsizemobile: 14px; --fontsizedesktop: 16px; margin-bottom: 11px;\">&#8211; Websites, die \u00fcber die Website aufgerufen werden, &#8211; Besuchte Seite auf unserer Website, &#8211; Meldung, ob der Abruf erfolgreich war<\/p><p dir=\"auto\" style=\"--lineheightmobile: 1.3; --lineheightdesktop: 1.3; --fontsizemobile: 14px; --fontsizedesktop: 16px; margin-bottom: 13px;\">&#8211; \u00dcbertragene Datenmenge, Informationen \u00fcber den Browsertyp und die verwendete Version, &#8211; Betriebssystem<\/p><p dir=\"auto\" style=\"--lineheightmobile: 1.3; --lineheightdesktop: 1.3; --fontsizemobile: 14px; --fontsizedesktop: 16px; margin-bottom: 17px;\">Die vor\u00fcbergehende Speicherung der Daten ist f\u00fcr den Ablauf eines Websitebesuchs erforderlich, um eine Auslieferung der Website zu erm\u00f6glichen. Eine weitere Speicherung in Protokolldateien erfolgt, um die Funktionsf\u00e4higkeit der Website und die Sicherheit der informationstechnischen Systeme sicherzustellen. In diesen Zwecken liegt auch unser berechtigtes Interesse an der Datenverarbeitung.<\/p><h6 dir=\"auto\" style=\"--lineheightmobile: 1.3; --lineheightdesktop: 1.3; --fontsizemobile: 14px; --fontsizedesktop: 16px; margin-bottom: 8px;\">b. Auf welcher Rechtsgrundlage werden diese Daten verarbeitet?<\/h6><p dir=\"auto\" style=\"--lineheightmobile: 1.3; --lineheightdesktop: 1.3; --fontsizemobile: 14px; --fontsizedesktop: 16px; margin-bottom: 12px;\">Die Daten werden auf der Grundlage des Art. 6 Abs. 1 Buchstabe f DS-GVO verarbeitet.<\/p><h6 dir=\"auto\" style=\"--lineheightmobile: 1.3; --lineheightdesktop: 1.3; --fontsizemobile: 14px; --fontsizedesktop: 16px; margin-bottom: 12px;\"><span style=\"font-weight: normal;\">c. Gibt es neben dem Verantwortlichen weitere Empf\u00e4nger der personenbezogenen Daten?<\/span><\/h6><p dir=\"auto\" style=\"--lineheightmobile: 1.3; --lineheightdesktop: 1.3; --fontsizemobile: 14px; --fontsizedesktop: 16px; margin-bottom: 14px;\">Die Website wird gehostet bei\u00a0 IONOS SE, Website &amp; eCommerce Platforms, Hinterm Hauptbahnhof 3-5;\u00a0 76137 Karlsruhe.\u00a0 Der Hoster empf\u00e4ngt die oben genannten Daten als Auftragsverarbeiter.<\/p><h6 dir=\"auto\" style=\"--lineheightmobile: 1.3; --lineheightdesktop: 1.3; --fontsizemobile: 14px; --fontsizedesktop: 16px; margin-bottom: 8px;\"><span style=\"font-weight: normal;\">d. Wie lange werden die Daten gespeichert?<\/span><\/h6><p dir=\"auto\" style=\"--lineheightmobile: 1.3; --lineheightdesktop: 1.3; --fontsizemobile: 14px; --fontsizedesktop: 16px; margin-bottom: 19px;\">Die Daten werden gel\u00f6scht, sobald sie f\u00fcr die Erreichung des Zwecks ihrer Erhebung nicht mehr erforderlich sind.<\/p><h6 dir=\"auto\" style=\"--lineheightmobile: 1.3; --lineheightdesktop: 1.3; --fontsizemobile: 14px; --fontsizedesktop: 16px; margin-bottom: 8px;\"><strong>3. Betroffenenrechte<\/strong><\/h6><h6 dir=\"auto\" style=\"--lineheightmobile: 1.3; --lineheightdesktop: 1.3; --fontsizemobile: 14px; --fontsizedesktop: 16px; margin-bottom: 11px;\"><span style=\"font-weight: normal;\">a. Recht auf Auskunft: Sie k\u00f6nnen Auskunft nach Art. 15 DS-GVO \u00fcber Ihre personenbezogenen Daten verlangen, die wir verarbeiten.<\/span><\/h6><h6 dir=\"auto\" style=\"--lineheightmobile: 1.3; --lineheightdesktop: 1.3; --fontsizemobile: 14px; --fontsizedesktop: 16px; margin-bottom: 11px;\"><span style=\"font-weight: normal;\">b. Recht auf Widerspruch: Sie haben ein Recht auf Widerspruch aus besonderen Gr\u00fcnden (siehe unter Punkt II).<\/span><\/h6><h6 dir=\"auto\" style=\"--lineheightmobile: 1.3; --lineheightdesktop: 1.3; --fontsizemobile: 14px; --fontsizedesktop: 16px; margin-bottom: 11px;\"><span style=\"font-weight: normal;\">c. Recht auf Berichtigung: Sollten die Sie betreffenden Angaben nicht (mehr) zutreffend sein, k\u00f6nnen Sie nach Art. 16 DS-GVO eine Berichtigung verlangen. Sollten Ihre Daten unvollst\u00e4ndig sein, k\u00f6nnen Sie eine Vervollst\u00e4ndigung verlangen.<\/span><\/h6><h6 dir=\"auto\" style=\"--lineheightmobile: 1.3; --lineheightdesktop: 1.3; --fontsizemobile: 14px; --fontsizedesktop: 16px; margin-bottom: 13px;\"><span style=\"font-weight: normal;\">d. Recht auf L\u00f6schung: Sie k\u00f6nnen nach Art. 17 DS-GVO die L\u00f6schung Ihrer personenbezogenen Daten verlangen.<\/span><\/h6><h6 dir=\"auto\" style=\"--lineheightmobile: 1.3; --lineheightdesktop: 1.3; --fontsizemobile: 14px; --fontsizedesktop: 16px;\"><span style=\"font-weight: normal;\">e. Recht auf Einschr\u00e4nkung der Verarbeitung: Sie haben nach Art. 18 DS-GVO das Recht, eine Einschr\u00e4nkung der Verarbeitung Ihrer personenbezogenen Daten zu verlangen.<\/span><\/h6><h6 dir=\"auto\" style=\"--lineheightmobile: 1.3; --lineheightdesktop: 1.3; --fontsizemobile: 14px; --fontsizedesktop: 16px; margin-bottom: 8px;\"><span style=\"font-weight: normal;\">f. Recht auf Beschwerde<\/span><\/h6><p dir=\"auto\" style=\"--lineheightmobile: 1.3; --lineheightdesktop: 1.3; --fontsizemobile: 14px; --fontsizedesktop: 16px;\">Wenn Sie der Ansicht sind, dass die Verarbeitung Ihrer personenbezogenen Daten gegen Datenschutzrecht verst\u00f6\u00dft, haben Sie nach Ar. 77 Abs. 1 DS-GVO das Recht, sich bei einer Datenschutzaufsichtsbeh\u00f6rde eigener Wahl zu beschweren. Hierzu geh\u00f6rt auch die f\u00fcr den Verantwortlichen zust\u00e4ndige Datenschutzaufsichtsbeh\u00f6rde: Bayerisches Landesamt f\u00fcr Datenschutzaufsicht, <em>www.lda.bayern.de<\/em><\/p><p dir=\"auto\" style=\"--lineheightmobile: 1.3; --lineheightdesktop: 1.3; --fontsizemobile: 14px; --fontsizedesktop: 16px; margin-bottom: 8px;\">g. Recht auf Daten\u00fcbertragbarkeit<\/p><p dir=\"auto\" style=\"--lineheightmobile: 1.3; --lineheightdesktop: 1.3; --fontsizemobile: 14px; --fontsizedesktop: 16px;\">F\u00fcr den Fall, dass die Voraussetzungen des Art. 20 Abs. 1 DS-GVO vorliegen, steht Ihnen das Recht zu, sich Daten, die wir auf Grundlage Ihrer Einwilligung oder in Erf\u00fcllung eines Vertrags automatisiert verarbeiten, an sich oder an Dritte aush\u00e4ndigen zu lassen. Die Erfassung der Daten zur Bereitstellung der Website und die Speicherung der Protokolldateien sind f\u00fcr den Betrieb der Internetseite zwingend erforderlich. Sie beruhen daher nicht auf einer Einwilligung nach Art. 6 Abs. 1 Buchstabe a DS-GVO oder auf einem Vertrag nach Art. 6 Abs. 1 Buchstabe b DS-GVO, sondern sind nach Art. 6 Abs. 1 Buchstabe f DS-GVO gerechtfertigt. Die Voraussetzungen des Art. 20 Abs. 1 DS-GVO sind demnach insoweit nicht erf\u00fcllt.<\/p><p dir=\"auto\" style=\"--lineheightmobile: 1.3; --lineheightdesktop: 1.3; --fontsizemobile: 14px; --fontsizedesktop: 16px; margin-bottom: 8px;\"><strong>II. Recht auf Widerspruch gem\u00e4\u00df Art. 21 Abs. 1 DS-GVO<\/strong><\/p><p dir=\"auto\" style=\"--lineheightmobile: 1.3; --lineheightdesktop: 1.3; --fontsizemobile: 14px; --fontsizedesktop: 16px;\">Sie haben das Recht, aus Gr\u00fcnden, die sich aus Ihrer besonderen Situation ergeben, jederzeit gegen die Verarbeitung Ihrer personenbezogenen Daten, die aufgrund von Artikel 6 Abs. 1 Buchstabe f DS-GVO erfolgt, Widerspruch einzulegen. Der Verantwortliche verarbeitet die personenbezogenen Daten dann nicht mehr, es sei denn, er kann zwingende schutzw\u00fcrdige Gr\u00fcnde f\u00fcr die Verarbeitung nachweisen, die die Interessen, Rechte und Freiheiten der betroffenen Person \u00fcberwiegen, oder die Verarbeitung dient der Geltendmachung, Aus\u00fcbung oder Verteidigung von Rechtsanspr\u00fcchen. Die Erfassung der Daten zur Bereitstellung der Website und die Speicherung der Protokolldateien sind f\u00fcr den Betrieb der Internetseite zwingend erforderlich.<\/p><\/div><\/div><\/div>\t\t\t\t\t\t\t\t<\/div>\n\t\t\t\t<\/div>\n\t\t\t\t\t<\/div>\n\t\t<\/div>\n\t\t\t\t<div class=\"elementor-column elementor-col-33 elementor-top-column elementor-element elementor-element-98b4db7\" data-id=\"98b4db7\" data-element_type=\"column\" data-e-type=\"column\">\n\t\t\t<div class=\"elementor-widget-wrap\">\n\t\t\t\t\t\t\t<\/div>\n\t\t<\/div>\n\t\t\t\t\t<\/div>\n\t\t<\/section>\n\t\t\t\t<\/div>\n\t\t","protected":false},"excerpt":{"rendered":"<p>Datenschutz Zweck, Umfang und Speicherung der Daten: I. Informationen \u00fcber die Verarbeitung Ihrer Daten gem\u00e4\u00df Art. 13 der Datenschutz-Grundverordnung (DS-GVO) 1. Verantwortlicher und Datenschutzbeauftragter Verantwortlich f\u00fcr diese Website ist: Norman Vatter, Osteranger 10, 85665 Moosach, E-Mail: norman@nv-mediation.de 2. Daten, die f\u00fcr die Bereitstellung der Website und die Erstellung der Protokolldateien verarbeitet werden a. Welche Daten [&hellip;]<\/p>\n","protected":false},"author":1,"featured_media":0,"parent":0,"menu_order":0,"comment_status":"closed","ping_status":"closed","template":"elementor_theme","meta":{"footnotes":""},"class_list":["post-234","page","type-page","status-publish","hentry"],"jetpack_sharing_enabled":true,"_links":{"self":[{"href":"https:\/\/nv-mediation.de\/Hauptseite\/wp-json\/wp\/v2\/pages\/234","targetHints":{"allow":["GET"]}}],"collection":[{"href":"https:\/\/nv-mediation.de\/Hauptseite\/wp-json\/wp\/v2\/pages"}],"about":[{"href":"https:\/\/nv-mediation.de\/Hauptseite\/wp-json\/wp\/v2\/types\/page"}],"author":[{"embeddable":true,"href":"https:\/\/nv-mediation.de\/Hauptseite\/wp-json\/wp\/v2\/users\/1"}],"replies":[{"embeddable":true,"href":"https:\/\/nv-mediation.de\/Hauptseite\/wp-json\/wp\/v2\/comments?post=234"}],"version-history":[{"count":40,"href":"https:\/\/nv-mediation.de\/Hauptseite\/wp-json\/wp\/v2\/pages\/234\/revisions"}],"predecessor-version":[{"id":707,"href":"https:\/\/nv-mediation.de\/Hauptseite\/wp-json\/wp\/v2\/pages\/234\/revisions\/707"}],"wp:attachment":[{"href":"https:\/\/nv-mediation.de\/Hauptseite\/wp-json\/wp\/v2\/media?parent=234"}],"curies":[{"name":"wp","href":"https:\/\/api.w.org\/{rel}","templated":true}]}}